{"id":35,"date":"2018-09-18T16:09:59","date_gmt":"2018-09-18T14:09:59","guid":{"rendered":"https:\/\/www.coupecircuit.be\/2018\/?page_id=35"},"modified":"2018-10-05T11:45:53","modified_gmt":"2018-10-05T09:45:53","slug":"a-propos","status":"publish","type":"page","link":"https:\/\/www.coupecircuit.be\/Edition2018\/edition-2018\/a-propos\/","title":{"rendered":"\u00c0 propos"},"content":{"rendered":"<h2>Coupe Circuit, le festival <em>online<\/em> des r\u00e9alit\u00e9s sociales.<\/h2>\n<h5><span style=\"color: #fff9c5;\"><strong>Hors-circuits<\/strong><\/span><\/h5>\n<p>Ce festival a pour vocation de promouvoir des productions qui ne circulent pas dans les circuits classiques de diffusion en les rendant gratuitement accessibles sur le site internet www.coupecircuit.be pendant un mois.<br \/>\nSi diverses rencontres seront organis\u00e9es, il s\u2019agit bien d\u2019un festival online, dont la majorit\u00e9 des \u00e9v\u00e9nements (films, rencontres, d\u00e9bats) sont accessibles via une connexion internet.<\/p>\n<h5><span style=\"color: #fff9c5;\">Festival des r\u00e9alit\u00e9s sociales<\/span><\/h5>\n<p>\u00ab Hors-circuits \u00bb aussi car notre festival est une fen\u00eatre ouverte sur des \u0153uvres engag\u00e9es, expressions d\u2019un point de vue critique singulier sur les luttes sociales contemporaines.<\/p>\n<h5><span style=\"color: #fff9c5;\"><strong>Par chacun-e<\/strong><\/span><\/h5>\n<p>L\u2019objectif du festival est d\u2019\u00eatre vecteur de l\u2019expression de tous. Ainsi, une grande diversit\u00e9 de formats est accept\u00e9e &#8211; vid\u00e9o, son, multim\u00e9dia, art vid\u00e9o &#8211; afin de permettre \u00e0 chacun-e de pouvoir proposer ses r\u00e9alisations, sous condition qu\u2019elles \u00e9manent d\u2019une initiative belge, qu\u2019elles soient produites apr\u00e8s janvier 2016, et qu\u2019elles durent moins d\u2019une heure.<\/p>\n<h5><strong><span style=\"color: #fff9c5;\">Pour chacun-e<\/span><\/strong><\/h5>\n<p>De la s\u00e9lection aux jurys, Coupe Circuit est un festival 100% participatif. C\u2019est-\u00e0-dire qu\u2019il diffuse des productions citoyennes, qui seront s\u00e9lectionn\u00e9es et r\u00e9compens\u00e9es par des citoyen-ne-s. Ainsi, les seize r\u00e9alisations pr\u00e9sent\u00e9es lors du festival seront choisies par plusieurs comit\u00e9s de s\u00e9lection compos\u00e9s de citoyen-ne-s provenant de divers horizons.<br \/>\nCes comit\u00e9s tiendront compte de notre ligne \u00e9ditoriale (point de vue engag\u00e9 et critique sur des r\u00e9alit\u00e9s sociales) ainsi que de la d\u00e9marche citoyenne et\/ou collective ayant impuls\u00e9 la r\u00e9alisation des \u0153uvres propos\u00e9es.<\/p>\n<p>\u00c0 l\u2019issue du festival, les prix seront attribu\u00e9s par plusieurs jurys citoyens ayant des profils diff\u00e9rents.<br \/>\n&#8211; Le Prix \u00ab Coup de c\u0153ur du public \u00bb, attribu\u00e9 par les internautes qui voteront en ligne pendant le festival.<br \/>\n&#8211; Le Prix de l\u2019\u00e9motion, le Prix de l\u2019engagement et le Prix de la singularit\u00e9 \u2013 dans l\u2019ad\u00e9quation du fond et de la forme &#8211; remis par un jury mixte de professionnel-le-s de l&rsquo;associatif qui s\u2019int\u00e9ressent \u00e0 des th\u00e9matiques audiovisuelles, citoyennes et\/ou militantes.<\/p>\n<h5><span style=\"color: #fff9c5;\">Interactif<\/span><\/h5>\n<p>Coupe Circuit s\u2019inscrit \u00e9galement dans une dynamique d\u2019\u00e9changes entre le public internaute et les r\u00e9alisateur-trice-s. Plusieurs dispositifs d\u2019\u00e9change et de rencontre en ligne seront pr\u00e9vus \u00e0 cet effet.<\/p>\n","protected":false},"excerpt":{"rendered":"<p>Coupe Circuit, le festival online des r\u00e9alit\u00e9s sociales. Hors-circuits Ce festival a pour vocation de promouvoir des productions qui ne circulent pas dans les circuits classiques de diffusion en les rendant gratuitement accessibles sur le site internet www.coupecircuit.be pendant un mois. Si diverses rencontres seront organis\u00e9es, il s\u2019agit bien d\u2019un festival online, dont la majorit\u00e9<\/p>\n","protected":false},"author":1,"featured_media":0,"parent":78,"menu_order":0,"comment_status":"closed","ping_status":"closed","template":"","meta":[],"acf":[],"_links":{"self":[{"href":"https:\/\/www.coupecircuit.be\/Edition2018\/wp-json\/wp\/v2\/pages\/35"}],"collection":[{"href":"https:\/\/www.coupecircuit.be\/Edition2018\/wp-json\/wp\/v2\/pages"}],"about":[{"href":"https:\/\/www.coupecircuit.be\/Edition2018\/wp-json\/wp\/v2\/types\/page"}],"author":[{"embeddable":true,"href":"https:\/\/www.coupecircuit.be\/Edition2018\/wp-json\/wp\/v2\/users\/1"}],"replies":[{"embeddable":true,"href":"https:\/\/www.coupecircuit.be\/Edition2018\/wp-json\/wp\/v2\/comments?post=35"}],"version-history":[{"count":14,"href":"https:\/\/www.coupecircuit.be\/Edition2018\/wp-json\/wp\/v2\/pages\/35\/revisions"}],"predecessor-version":[{"id":492,"href":"https:\/\/www.coupecircuit.be\/Edition2018\/wp-json\/wp\/v2\/pages\/35\/revisions\/492"}],"up":[{"embeddable":true,"href":"https:\/\/www.coupecircuit.be\/Edition2018\/wp-json\/wp\/v2\/pages\/78"}],"wp:attachment":[{"href":"https:\/\/www.coupecircuit.be\/Edition2018\/wp-json\/wp\/v2\/media?parent=35"}],"curies":[{"name":"wp","href":"https:\/\/api.w.org\/{rel}","templated":true}]}}