{"id":41,"date":"2018-09-18T16:10:43","date_gmt":"2018-09-18T14:10:43","guid":{"rendered":"https:\/\/www.coupecircuit.be\/2018\/?page_id=41"},"modified":"2018-10-05T10:19:13","modified_gmt":"2018-10-05T08:19:13","slug":"editions-precedentes","status":"publish","type":"page","link":"https:\/\/www.coupecircuit.be\/Edition2018\/editions-precedentes\/","title":{"rendered":"\u00c9ditions pr\u00e9c\u00e9dentes"},"content":{"rendered":"<div class=\"content_editions_precedentes\">\n<div style=\"padding-top: 2.5%; padding-bottom: 2.5%;\">\n<table style=\"margin: auto;\" cellspacing=\"60px\" cellpadding=\"0px\">\n<tbody>\n<tr>\n<td style=\"border: 0px;\" align=\"center\"><a href=\"https:\/\/www.coupecircuit.be\/Edition2015\/\" target=\"_blank\" rel=\"noopener\"><br \/>\n<img decoding=\"async\" src=\"https:\/\/www.coupecircuit.be\/images\/CoupeCircuit-2015.png\" alt=\"CoupeCircuit 2015\" \/><\/a><\/p>\n<h3>\u00c9DITION 2015<\/h3>\n<p>&nbsp;<\/td>\n<td style=\"border: 0px;\" align=\"center\"><a href=\"https:\/\/www.coupecircuit.be\/Edition2016\/\" target=\"_blank\" rel=\"noopener\"><br \/>\n<img decoding=\"async\" src=\"https:\/\/www.coupecircuit.be\/images\/CoupeCircuit-2016.png\" alt=\"CoupeCircuit 2016\" \/><\/a><\/p>\n<h3>\u00c9DITION 2016<\/h3>\n<p>&nbsp;<\/td>\n<\/tr>\n<\/tbody>\n<\/table>\n<\/div>\n<\/div>\n","protected":false},"excerpt":{"rendered":"<p>\u00c9DITION 2015 &nbsp; \u00c9DITION 2016 &nbsp;<\/p>\n","protected":false},"author":1,"featured_media":0,"parent":0,"menu_order":0,"comment_status":"closed","ping_status":"closed","template":"","meta":[],"acf":[],"_links":{"self":[{"href":"https:\/\/www.coupecircuit.be\/Edition2018\/wp-json\/wp\/v2\/pages\/41"}],"collection":[{"href":"https:\/\/www.coupecircuit.be\/Edition2018\/wp-json\/wp\/v2\/pages"}],"about":[{"href":"https:\/\/www.coupecircuit.be\/Edition2018\/wp-json\/wp\/v2\/types\/page"}],"author":[{"embeddable":true,"href":"https:\/\/www.coupecircuit.be\/Edition2018\/wp-json\/wp\/v2\/users\/1"}],"replies":[{"embeddable":true,"href":"https:\/\/www.coupecircuit.be\/Edition2018\/wp-json\/wp\/v2\/comments?post=41"}],"version-history":[{"count":9,"href":"https:\/\/www.coupecircuit.be\/Edition2018\/wp-json\/wp\/v2\/pages\/41\/revisions"}],"predecessor-version":[{"id":715,"href":"https:\/\/www.coupecircuit.be\/Edition2018\/wp-json\/wp\/v2\/pages\/41\/revisions\/715"}],"wp:attachment":[{"href":"https:\/\/www.coupecircuit.be\/Edition2018\/wp-json\/wp\/v2\/media?parent=41"}],"curies":[{"name":"wp","href":"https:\/\/api.w.org\/{rel}","templated":true}]}}