{"id":435,"date":"2018-10-04T14:46:51","date_gmt":"2018-10-04T12:46:51","guid":{"rendered":"https:\/\/www.coupecircuit.be\/2018\/?page_id=435"},"modified":"2018-10-05T13:17:51","modified_gmt":"2018-10-05T11:17:51","slug":"interagir","status":"publish","type":"page","link":"https:\/\/www.coupecircuit.be\/Edition2018\/interagir\/","title":{"rendered":"Interagir"},"content":{"rendered":"<p align=\"center\"><b>INTERAGIR<\/b><\/p>\n<p>Coupe Circuit est un festival <i>online.<\/i> Notre volont\u00e9 est d\u2019\u00e9clater les barri\u00e8res et d\u2019amener directement des cr\u00e9ations originales vers les spectateurs.<\/p>\n<p>Par cons\u00e9quent, en tant qu\u2019internaute, vous disposez de nombreux moyens de participer \u00e0 Coupe Circuit et de faire entendre votre voix.<\/p>\n<p><b>Votez\u00a0! <\/b><\/p>\n<p>Pour cela, il vous suffit de vous rendre sur la page de votre \u0153uvre en comp\u00e9tition favorite, de cliquer sur le bouton \u00ab\u00a0Voter\u00a0\u00bb et d\u2019entrer votre adresse <i>e-mai<\/i><i>l<\/i><i>.<\/i><\/p>\n<p><b>Suivez nous sur les r\u00e9seaux sociaux\u00a0!<\/b><\/p>\n<p>Nous vous y proposerons de d\u00e9couvrir une cr\u00e9ation par jour durant toute la dur\u00e9e du festival. Un moyen id\u00e9al de vivre pleinement l\u2019exp\u00e9rience Coupe Circuit.<\/p>\n<p>D\u2019autre part, vous pourrez <u>d\u00e9poser vos questions aux r\u00e9alisateurs<\/u>, en messagerie priv\u00e9e ou en commentaire public. Ils vous r\u00e9pondront quelques instants plus tard sous forme audio\u00a0!<\/p>\n<p><b>Suivez nos <i>livestreams\u00a0!<\/i><\/b><\/p>\n<p>Le vendredi est un jour cl\u00e9 dans l\u2019aventure Coupe Circuit. Les 12, 19, 26 octobre et le 2 novembre, de 18h \u00e0 19h, vous pourrez suivre nos \u00e9missions sur la page <i>facebook <\/i>de Coupe Circuit. Vous pourrez aussi d\u00e9poser vos questions en direct.<\/p>\n<p><b>Rejoignez-nous\u00a0!<\/b><\/p>\n<p>Cinq \u00e9v\u00e9nements physiques gratuits sont pr\u00e9vus dans le cadre de Coupe Circuit. Rencontres, projections, d\u00e9bats, \u00e0 Bruxelles, Charleroi, Marche-en-Famenne et La Louvi\u00e8re\u00a0! L\u2019occasion de rencontrer directement nos cr\u00e9ateurs, nos jurys et d\u2019\u00e9changer autour des d\u00e9couvertes que vous aurez faites en ligne.<\/p>\n","protected":false},"excerpt":{"rendered":"<p>INTERAGIR Coupe Circuit est un festival online. Notre volont\u00e9 est d\u2019\u00e9clater les barri\u00e8res et d\u2019amener directement des cr\u00e9ations originales vers les spectateurs. Par cons\u00e9quent, en tant qu\u2019internaute, vous disposez de nombreux moyens de participer \u00e0 Coupe Circuit et de faire entendre votre voix. Votez\u00a0! Pour cela, il vous suffit de vous rendre sur la page<\/p>\n","protected":false},"author":2,"featured_media":0,"parent":0,"menu_order":0,"comment_status":"closed","ping_status":"closed","template":"","meta":[],"acf":[],"_links":{"self":[{"href":"https:\/\/www.coupecircuit.be\/Edition2018\/wp-json\/wp\/v2\/pages\/435"}],"collection":[{"href":"https:\/\/www.coupecircuit.be\/Edition2018\/wp-json\/wp\/v2\/pages"}],"about":[{"href":"https:\/\/www.coupecircuit.be\/Edition2018\/wp-json\/wp\/v2\/types\/page"}],"author":[{"embeddable":true,"href":"https:\/\/www.coupecircuit.be\/Edition2018\/wp-json\/wp\/v2\/users\/2"}],"replies":[{"embeddable":true,"href":"https:\/\/www.coupecircuit.be\/Edition2018\/wp-json\/wp\/v2\/comments?post=435"}],"version-history":[{"count":5,"href":"https:\/\/www.coupecircuit.be\/Edition2018\/wp-json\/wp\/v2\/pages\/435\/revisions"}],"predecessor-version":[{"id":520,"href":"https:\/\/www.coupecircuit.be\/Edition2018\/wp-json\/wp\/v2\/pages\/435\/revisions\/520"}],"wp:attachment":[{"href":"https:\/\/www.coupecircuit.be\/Edition2018\/wp-json\/wp\/v2\/media?parent=435"}],"curies":[{"name":"wp","href":"https:\/\/api.w.org\/{rel}","templated":true}]}}