{"id":78,"date":"2018-09-20T09:44:36","date_gmt":"2018-09-20T07:44:36","guid":{"rendered":"https:\/\/www.coupecircuit.be\/2018\/?page_id=78"},"modified":"2018-10-24T12:50:58","modified_gmt":"2018-10-24T10:50:58","slug":"edition-2018","status":"publish","type":"page","link":"https:\/\/www.coupecircuit.be\/Edition2018\/edition-2018\/","title":{"rendered":"\u00c9dito"},"content":{"rendered":"<p><strong>Du 8 octobre au 8 novembre, le festival <em>online<\/em> Coupe Circuit bat son plein ! En cette 3\u00e8me \u00e9dition, nous renouvelons ce qui a fait le succ\u00e8s des \u00e9ditions pr\u00e9c\u00e9dentes et vous proposons des initiatives in\u00e9dites pour toujours plus d\u2019\u00e9changes et de d\u00e9couvertes, en ligne et hors lign<\/strong>e.<\/p>\n<h5><span style=\"color: #fff9c5;\"><strong>Un festival <em>online<\/em> pour des \u0153uvres hors-circuits<\/strong><\/span><\/h5>\n<p>Pendant un mois, trente-quatre productions seront accessibles en ligne gratuitement sur notre site internet. Un ensemble dont l\u2019\u00e9clectisme surprendra : fictions, documentaires et animations, formats courts et longs, initiatives professionnelles, associatives ou amateurs. Au-del\u00e0 de leurs formes, ces trente-quatre \u0153uvres d\u00e9fendent un point de vue singulier sur les luttes sociales contemporaines. Coupe Circuit leur ouvre cette nouvelle fen\u00eatre de diffusion.<\/p>\n<h5><span style=\"color: #fff9c5;\"><strong>Trois s\u00e9lections<\/strong><\/span><\/h5>\n<p>En comp\u00e9tition, seize \u0153uvres originales abordent des th\u00e8mes aussi divers que le gaspillage alimentaire, l\u2019\u00e9galit\u00e9 des sexes, l\u2019acc\u00e8s au logement, l\u2019autisme ou la pr\u00e9carisation du travail. Parall\u00e8lement \u00e0 cette s\u00e9lection, l\u2019\u00e9quipe du festival a choisi de prendre \u00e0 bras le corps la th\u00e9matique de l\u2019enfermement, au sens propre comme au figur\u00e9. Ainsi, la s\u00e9lection <em>Regards de l\u2019int\u00e9rieur &#8211; Focus en milieu carc\u00e9ral<\/em>, pr\u00e9sente neuf \u0153uvres r\u00e9alis\u00e9es avec le concours de citoyen-e-s\u00a0priv\u00e9-e-s de leurs libert\u00e9s, des expressions fortes et inattendues, qui interrogent le syst\u00e8me p\u00e9nitentiaire et ses cons\u00e9quences. D\u00e9sireux de d\u00e9fendre un cin\u00e9ma documentaire d\u2019auteur exigeant, nous avons regroup\u00e9 sous le label\u00a0<em>Le\u00a0<\/em><em>OFF de Filmer \u00e0 tout prix,<\/em> neuf \u0153uvres qui ont marqu\u00e9 l\u2019histoire r\u00e9cente du festival documentaire<em> Filmer \u00e0 tout prix<\/em>, toutes travers\u00e9es par le th\u00e8me de l\u2019enfermement au sens large: physique, psychique, psychologique,<br \/>\nid\u00e9ologique.<\/p>\n<h5><span style=\"color: #fff9c5;\"><strong>Des \u00e9v\u00e9nements r\u00e9els, des \u00e9v\u00e9nements virtuels<\/strong><\/span><\/h5>\n<p>Si l\u2019ensemble des \u0153uvres s\u00e9lectionn\u00e9es est accessible pendant un mois, chacune des productions programm\u00e9es dans le cadre de Coupe Circuit sera mise \u00e0 l\u2019honneur lors d\u2019une journ\u00e9e sur l\u2019ensemble de nos r\u00e9seaux (photos, extraits&#8230;). Durant un mois, les auteur-e-s r\u00e9pondront oralement \u00e0 toutes les questions laiss\u00e9es en ligne par les internautes, leurs r\u00e9ponses seront upload\u00e9es et accessibles \u00e0 tous nos followers. Chaque vendredi du festival, une rencontre physique aura lieu entre quatre des r\u00e9alisateurs-trices s\u00e9lectionn\u00e9-e-s et le public. Des rencontres retransmises en direct et en streaming. Celles-ci pr\u00e9c\u00e9deront une projection\/d\u00e9bat autour de la th\u00e9matique du milieu carc\u00e9ral.<\/p>\n<p>Enfin, le 8 novembre aura lieu une apr\u00e8s-midi d\u00e9di\u00e9e \u00e0 l\u2019action culturelle en milieu carc\u00e9ral. Au programme : ateliers, projections, partages d\u2019exp\u00e9rience et r\u00e9flexions. C\u2019est sur vous que nous comptons maintenant ! Bousculez vos habitudes de spectateurs-trices, faites-vous surprendre par des cr\u00e9ations azimut\u00e9es, laissez votre vote en ligne, court-circuitez nos d\u00e9bats depuis vos outils num\u00e9riques ou dans nos lieux de rencontre, partagez, likez, commentez avant de nous rejoindre en chair et en os le 8 novembre pour notre grand \u00e9v\u00e9nement de cl\u00f4ture !<\/p>\n","protected":false},"excerpt":{"rendered":"<p>Du 8 octobre au 8 novembre, le festival online Coupe Circuit bat son plein ! En cette 3\u00e8me \u00e9dition, nous renouvelons ce qui a fait le succ\u00e8s des \u00e9ditions pr\u00e9c\u00e9dentes et vous proposons des initiatives in\u00e9dites pour toujours plus d\u2019\u00e9changes et de d\u00e9couvertes, en ligne et hors ligne. Un festival online pour des \u0153uvres hors-circuits<\/p>\n","protected":false},"author":1,"featured_media":0,"parent":0,"menu_order":2,"comment_status":"closed","ping_status":"closed","template":"","meta":[],"acf":[],"_links":{"self":[{"href":"https:\/\/www.coupecircuit.be\/Edition2018\/wp-json\/wp\/v2\/pages\/78"}],"collection":[{"href":"https:\/\/www.coupecircuit.be\/Edition2018\/wp-json\/wp\/v2\/pages"}],"about":[{"href":"https:\/\/www.coupecircuit.be\/Edition2018\/wp-json\/wp\/v2\/types\/page"}],"author":[{"embeddable":true,"href":"https:\/\/www.coupecircuit.be\/Edition2018\/wp-json\/wp\/v2\/users\/1"}],"replies":[{"embeddable":true,"href":"https:\/\/www.coupecircuit.be\/Edition2018\/wp-json\/wp\/v2\/comments?post=78"}],"version-history":[{"count":11,"href":"https:\/\/www.coupecircuit.be\/Edition2018\/wp-json\/wp\/v2\/pages\/78\/revisions"}],"predecessor-version":[{"id":643,"href":"https:\/\/www.coupecircuit.be\/Edition2018\/wp-json\/wp\/v2\/pages\/78\/revisions\/643"}],"wp:attachment":[{"href":"https:\/\/www.coupecircuit.be\/Edition2018\/wp-json\/wp\/v2\/media?parent=78"}],"curies":[{"name":"wp","href":"https:\/\/api.w.org\/{rel}","templated":true}]}}