{"id":80,"date":"2018-09-20T09:44:52","date_gmt":"2018-09-20T07:44:52","guid":{"rendered":"https:\/\/www.coupecircuit.be\/2018\/?page_id=80"},"modified":"2018-10-08T16:54:47","modified_gmt":"2018-10-08T14:54:47","slug":"jury","status":"publish","type":"page","link":"https:\/\/www.coupecircuit.be\/Edition2018\/jury\/","title":{"rendered":"Jurys\/Prix"},"content":{"rendered":"<p align=\"center\"><b>JURYS\/PRIX<\/b><\/p>\n<p><strong>Coupe Circuit est un festival 100% participatif.<\/strong><\/p>\n<p>Des comit\u00e9s de s\u00e9lection citoyens ont choisi les films en comp\u00e9tition et des jurys citoyens les r\u00e9compenseront\u00a0!<\/p>\n<p>Vous-m\u00eame, en tant que spectateur.spectatrice, vous pouvez, depuis chez vous, participer \u00e0 la remise du <b>prix des internautes<\/b> en votant pour votre production pr\u00e9f\u00e9r\u00e9e en comp\u00e9tition officielle.<\/p>\n<p>Un jury compos\u00e9 de citoyen-ne-s r\u00e9unis \u00e0 Bourdon, Bruxelles, Charleroi et La Louvi\u00e8re se r\u00e9unira pour remettre ensemble le <b>Prix du regard citoyen<\/b>.<\/p>\n<p>De plus, cette ann\u00e9e, le festival met l\u2019accent sur le th\u00e8me de l\u2019enfermement et les probl\u00e9matiques li\u00e9es au milieu carc\u00e9ral. Nous avons donc constitu\u00e9 <b>trois jurys de citoyens priv\u00e9s de libert\u00e9s<\/b>, d\u00e9tenus \u00e0 Nivelles, Leuze-en-Hainaut et Marneffe. Chacun de ces jurys sera repr\u00e9sent\u00e9 lors de notre c\u00e9r\u00e9monie de cl\u00f4ture pour remettre une mention sp\u00e9ciale.<\/p>\n<p>Enfin, nous avons constitu\u00e9 un jury compos\u00e9 d\u2019acteurs\/actrices du milieu associatif, qui remettra, quant \u00e0 lui, trois prix diff\u00e9rents\u00a0: le <b>Prix de l\u2019engagement<\/b>, le <b>Prix de l\u2019\u00e9motion<\/b> et le <b>Prix de la singularit\u00e9<\/b>. Ce jury est compos\u00e9 de membres de F\u00e9dasil, Point Culture, Agence Alter, Article 27, Culture et D\u00e9mocratie, C.A.A.P. et GSARA.<\/p>\n<p>Chaque laur\u00e9at-e se verra offrir un service d\u2019une valeur de 1000\u20ac en fonction de l\u2019\u0153uvre r\u00e9compens\u00e9e, de son format, de sa th\u00e9matique et des besoins de son.sa \/ses r\u00e9alisateur(s).r\u00e9alisatrice (aide \u00e0 la cr\u00e9ation, \u00e0 la r\u00e9alisation, \u00e0 la finition, et \u00e0 la diffusion).<\/p>\n","protected":false},"excerpt":{"rendered":"<p>JURYS\/PRIX Coupe Circuit est un festival 100% participatif. Des comit\u00e9s de s\u00e9lection citoyens ont choisi les films en comp\u00e9tition et des jurys citoyens les r\u00e9compenseront\u00a0! Vous-m\u00eame, en tant que spectateur.spectatrice, vous pouvez, depuis chez vous, participer \u00e0 la remise du prix des internautes en votant pour votre production pr\u00e9f\u00e9r\u00e9e en comp\u00e9tition officielle. Un jury compos\u00e9<\/p>\n","protected":false},"author":1,"featured_media":0,"parent":0,"menu_order":3,"comment_status":"closed","ping_status":"closed","template":"","meta":[],"acf":[],"_links":{"self":[{"href":"https:\/\/www.coupecircuit.be\/Edition2018\/wp-json\/wp\/v2\/pages\/80"}],"collection":[{"href":"https:\/\/www.coupecircuit.be\/Edition2018\/wp-json\/wp\/v2\/pages"}],"about":[{"href":"https:\/\/www.coupecircuit.be\/Edition2018\/wp-json\/wp\/v2\/types\/page"}],"author":[{"embeddable":true,"href":"https:\/\/www.coupecircuit.be\/Edition2018\/wp-json\/wp\/v2\/users\/1"}],"replies":[{"embeddable":true,"href":"https:\/\/www.coupecircuit.be\/Edition2018\/wp-json\/wp\/v2\/comments?post=80"}],"version-history":[{"count":16,"href":"https:\/\/www.coupecircuit.be\/Edition2018\/wp-json\/wp\/v2\/pages\/80\/revisions"}],"predecessor-version":[{"id":623,"href":"https:\/\/www.coupecircuit.be\/Edition2018\/wp-json\/wp\/v2\/pages\/80\/revisions\/623"}],"wp:attachment":[{"href":"https:\/\/www.coupecircuit.be\/Edition2018\/wp-json\/wp\/v2\/media?parent=80"}],"curies":[{"name":"wp","href":"https:\/\/api.w.org\/{rel}","templated":true}]}}