{"id":84,"date":"2018-09-20T09:47:17","date_gmt":"2018-09-20T07:47:17","guid":{"rendered":"https:\/\/www.coupecircuit.be\/2018\/?page_id=84"},"modified":"2018-10-05T10:17:50","modified_gmt":"2018-10-05T08:17:50","slug":"accueil","status":"publish","type":"page","link":"https:\/\/www.coupecircuit.be\/Edition2018\/","title":{"rendered":"Accueil"},"content":{"rendered":"<p class=\"p1\"><span class=\"s1\"><b>Le festival <\/b><\/span><span class=\"s2\"><b>online<\/b><\/span><span class=\"s1\"><b><br \/>\n<\/b><\/span><span class=\"s3\"><b>des r\u00e9alit\u00e9s sociales<\/b><\/span><\/p>\n<p class=\"p2\"><b>34 cr\u00e9ations sonores et vid\u00e9o<br \/>\nen acc\u00e8s libre pendant un mois<br \/>\nDes \u00e9v\u00e9nements \u00e0 Bruxelles et en Wallonie<\/b><\/p>\n","protected":false},"excerpt":{"rendered":"<p>Le festival online des r\u00e9alit\u00e9s sociales 34 cr\u00e9ations sonores et vid\u00e9o en acc\u00e8s libre pendant un mois Des \u00e9v\u00e9nements \u00e0 Bruxelles et en Wallonie<\/p>\n","protected":false},"author":1,"featured_media":0,"parent":0,"menu_order":0,"comment_status":"closed","ping_status":"closed","template":"","meta":[],"acf":[],"_links":{"self":[{"href":"https:\/\/www.coupecircuit.be\/Edition2018\/wp-json\/wp\/v2\/pages\/84"}],"collection":[{"href":"https:\/\/www.coupecircuit.be\/Edition2018\/wp-json\/wp\/v2\/pages"}],"about":[{"href":"https:\/\/www.coupecircuit.be\/Edition2018\/wp-json\/wp\/v2\/types\/page"}],"author":[{"embeddable":true,"href":"https:\/\/www.coupecircuit.be\/Edition2018\/wp-json\/wp\/v2\/users\/1"}],"replies":[{"embeddable":true,"href":"https:\/\/www.coupecircuit.be\/Edition2018\/wp-json\/wp\/v2\/comments?post=84"}],"version-history":[{"count":10,"href":"https:\/\/www.coupecircuit.be\/Edition2018\/wp-json\/wp\/v2\/pages\/84\/revisions"}],"predecessor-version":[{"id":441,"href":"https:\/\/www.coupecircuit.be\/Edition2018\/wp-json\/wp\/v2\/pages\/84\/revisions\/441"}],"wp:attachment":[{"href":"https:\/\/www.coupecircuit.be\/Edition2018\/wp-json\/wp\/v2\/media?parent=84"}],"curies":[{"name":"wp","href":"https:\/\/api.w.org\/{rel}","templated":true}]}}