{"id":78,"date":"2018-09-20T09:44:36","date_gmt":"2018-09-20T07:44:36","guid":{"rendered":"https:\/\/www.coupecircuit.be\/2018\/?page_id=78"},"modified":"2020-09-25T19:10:15","modified_gmt":"2020-09-25T17:10:15","slug":"edition-2020","status":"publish","type":"page","link":"https:\/\/www.coupecircuit.be\/Edition2020\/edition-2020\/","title":{"rendered":"\u00c9dito"},"content":{"rendered":"<p><strong>Du 28 septembre au 29 octobre 2020, le festival <em>online<\/em> Coupe Circuit revient pour une 4e \u00e9dition ! Nous renouvelons ce qui a fait le succ\u00e8s des \u00e9ditions pr\u00e9c\u00e9dentes et nous vous proposons des initiatives in\u00e9dites pour toujours plus d\u2019\u00e9changes et de d\u00e9couvertes, en ligne et hors ligne.<\/strong><\/p>\n<p><strong>Un festival <em>online<\/em> pour des \u0153uvres hors-circuits.<br \/>\n<\/strong>Pendant un mois, 24 productions sont accessibles gratuitement sur notre site internet. Un ensemble dont l\u2019\u00e9clectisme surprendra : fictions, documentaires et animations, formats courts et longs, initiatives professionnelles, associatives ou amateurs. Au-del\u00e0 de leurs formes, ces \u0153uvres d\u00e9fendent un point de vue singulier sur des enjeux contemporains. Coupe Circuit leur ouvre cette nouvelle fen\u00eatre de diffusion.<\/p>\n<p><strong>Une s\u00e9lection 100% citoyenne<\/strong><br \/>\nLes r\u00e9alisations pr\u00e9sent\u00e9es en comp\u00e9tition sont le fruit d\u2019une s\u00e9lection 100% citoyenne, issue d\u2019un parcours d\u2019analyse et de choix op\u00e9r\u00e9s par des groupes associatifs venant d\u2019horizons divers. Les comit\u00e9s de s\u00e9lection citoyens ont choisi de mettre en comp\u00e9tition, seize \u0153uvres originales, qui nous transiterons dans quatre grandes ar\u00e8nes th\u00e9matiques : celle du \u00ab Territoire \u00bb, de la \u00ab Migration \u00bb, des \u00ab R\u00e9sistances \u00bb, de la \u00ab Jeunesse \u00bb. Nous invitons \u00e0 vous promener dans ses ar\u00e8nes virtuelles, \u00e0 d\u00e9couvrir d\u2019une semaine \u00e0 l\u2019autre les productions et la multiplicit\u00e9 de regards.<\/p>\n<p><strong>Programmation parall\u00e8le &#8211; \u00ab\u00a0Quel futur ?\u00a0\u00bb<\/strong><br \/>\nNouveaut\u00e9 en cette quatri\u00e8me \u00e9dition de notre festival, les comit\u00e9s de s\u00e9lection citoyens, en plus des films de la comp\u00e9tition, se sont r\u00e9unis pour d\u00e9terminer ensemble la th\u00e9matique transversale du festival.<br \/>\nMarqu\u00e9s par les probl\u00e9matiques climatiques, environnementales et \u00e9cologiques, les participants ont donc d\u00e9cid\u00e9 qu\u2019une large part de la r\u00e9flexion autour du festival COUPE CIRCUIT y serait consacr\u00e9e dans le cadre d\u2019une programmation intitul\u00e9e\u00a0: QUEL FUTUR\u00a0?<\/p>\n<p>Parmi les nombreuses suggestions des citoyen\u00b7nes, quatre axes de r\u00e9flexion ont \u00e9t\u00e9 retenus : le rapport entre l\u2019homme et l\u2019animal, la pollution lumineuse, les probl\u00e9matiques agricoles et la mobilit\u00e9 douce. Chacune de ces directions sera abord\u00e9e<em> online<\/em> par la mise \u00e0 disposition gratuite sur notre site de deux contenus audiovisuels pour autant de regards singuliers, mais aussi <em>offline<\/em> dans le cadre d\u2019une soir\u00e9e-\u00e9v\u00e9nement autour de la projection d\u2019un film documentaire suivie d\u2019un d\u00e9bat. Chacune de ces quatre soir\u00e9es aura lieu au c\u0153ur d\u2019une des villes participantes au festival.<\/p>\n<p><strong>Des \u00e9v\u00e9nements <em>r\u00e9els<\/em>, des \u00e9v\u00e9nements <em>virtuels<\/em><\/strong><br \/>\nUne fois par semaine, une rencontre physique aura lieu entre quatre r\u00e9alisateurs-trices s\u00e9lectionn\u00e9-e-s et le public. Des rencontres retransmises en direct et en streaming. Celles-ci pr\u00e9c\u00e9deront une projection\/d\u00e9bat autour de la th\u00e9matique transversale \u00ab Quel Futur ? \u00bb<br \/>\nEnfin, le 29 octobre aura lieu une apr\u00e8s-midi d\u00e9di\u00e9e \u00e0 la radio, car Coupe Circuit s\u2019accompagne aussi d\u2019une radio \u00ab sp\u00e9ciale festival\u00bb, enti\u00e8rement r\u00e9alis\u00e9e par des groupes citoyens. L\u2019\u00e9mission sera transmise en directe du TriPostal et diffus\u00e9e sur les ondes de radio campus, buzz radio, Cfm, 48fm, radio Alma.<\/p>\n<p>C\u2019est sur vous que nous comptons maintenant ! Bousculez vos habitudes de spectateurs-trices, faites-vous surprendre par des cr\u00e9ations azimut\u00e9es, laissez votre vote en ligne, court-circuitez nos d\u00e9bats depuis vos outils num\u00e9riques ou dans nos lieux de rencontre.<\/p>\n","protected":false},"excerpt":{"rendered":"<p>Du 28 septembre au 29 octobre 2020, le festival online Coupe Circuit revient pour une 4e \u00e9dition ! Nous renouvelons ce qui a fait le succ\u00e8s des \u00e9ditions pr\u00e9c\u00e9dentes et nous vous proposons des initiatives in\u00e9dites pour toujours plus d\u2019\u00e9changes et de d\u00e9couvertes, en ligne et hors ligne. Un festival online pour des \u0153uvres hors-circuits.<\/p>\n","protected":false},"author":1,"featured_media":0,"parent":0,"menu_order":2,"comment_status":"closed","ping_status":"closed","template":"","meta":[],"acf":[],"_links":{"self":[{"href":"https:\/\/www.coupecircuit.be\/Edition2020\/wp-json\/wp\/v2\/pages\/78"}],"collection":[{"href":"https:\/\/www.coupecircuit.be\/Edition2020\/wp-json\/wp\/v2\/pages"}],"about":[{"href":"https:\/\/www.coupecircuit.be\/Edition2020\/wp-json\/wp\/v2\/types\/page"}],"author":[{"embeddable":true,"href":"https:\/\/www.coupecircuit.be\/Edition2020\/wp-json\/wp\/v2\/users\/1"}],"replies":[{"embeddable":true,"href":"https:\/\/www.coupecircuit.be\/Edition2020\/wp-json\/wp\/v2\/comments?post=78"}],"version-history":[{"count":9,"href":"https:\/\/www.coupecircuit.be\/Edition2020\/wp-json\/wp\/v2\/pages\/78\/revisions"}],"predecessor-version":[{"id":1535,"href":"https:\/\/www.coupecircuit.be\/Edition2020\/wp-json\/wp\/v2\/pages\/78\/revisions\/1535"}],"wp:attachment":[{"href":"https:\/\/www.coupecircuit.be\/Edition2020\/wp-json\/wp\/v2\/media?parent=78"}],"curies":[{"name":"wp","href":"https:\/\/api.w.org\/{rel}","templated":true}]}}